{"id":220,"date":"2024-04-22T15:51:55","date_gmt":"2024-04-22T13:51:55","guid":{"rendered":"https:\/\/www.seia-automatismes.fr\/?page_id=220"},"modified":"2024-05-13T13:32:53","modified_gmt":"2024-05-13T11:32:53","slug":"contactez-nous","status":"publish","type":"page","link":"https:\/\/www.seia-automatismes.fr\/index.php\/contactez-nous\/","title":{"rendered":"Contactez-nous"},"content":{"rendered":"\n<div class=\"wp-block-group alignfull has-light-green-cyan-background-color has-background is-layout-constrained wp-block-group-is-layout-constrained\" id=\"contact\" style=\"padding-top:104px;padding-bottom:104px\">\n<h2 class=\"wp-block-heading has-text-align-left has-text-color\" style=\"color:#ffffff\">Pour nous joindre :<\/h2>\n\n\n\n<div class=\"wp-block-group is-horizontal is-nowrap is-layout-flex wp-container-core-group-is-layout-edc3bc78 wp-block-group-is-layout-flex\">\n<p class=\"has-text-align-right\">Du lundi au vendredi (hors cong\u00e9s et jours f\u00e9ri\u00e9s)<br>de 8h30 \u00e0 12h00 et de 13h30 \u00e0 17h30<br><br>1 rue des M\u00e9tiers<br>49130 Sainte-Gemmes-sur-Loire<br><br>tel. : 02 41 66 27 37<br>mail : <a href=\"mailto:contact@seia-automatismes.fr\">contact@seia-automatismes.fr<\/a><\/p>\n\n\n\n<iframe src=\"https:\/\/www.google.com\/maps\/embed?pb=!1m18!1m12!1m3!1d875.1513435706393!2d-0.5652626396433654!3d47.424897223315064!2m3!1f0!2f0!3f0!3m2!1i1024!2i768!4f13.1!3m3!1m2!1s0x4807d673bb0d2ca1%3A0x658611d1f0fcbcc5!2sSEIA%20Automatismes!5e0!3m2!1sfr!2sfr!4v1713793822185!5m2!1sfr!2sfr\" width=\"600\" height=\"450\" style=\"border:0;\" allowfullscreen=\"\" loading=\"lazy\" referrerpolicy=\"no-referrer-when-downgrade\"><\/iframe>\n\n\n\n<p><\/p>\n<\/div>\n<\/div>\n","protected":false},"excerpt":{"rendered":"<p>Pour nous joindre : Du lundi au vendredi (hors cong\u00e9s et jours f\u00e9ri\u00e9s)de 8h30 \u00e0 12h00 et de 13h30 \u00e0 [&hellip;]<\/p>\n","protected":false},"author":1,"featured_media":0,"parent":0,"menu_order":0,"comment_status":"closed","ping_status":"closed","template":"","meta":{"site-sidebar-layout":"default","site-content-layout":"","ast-site-content-layout":"","site-content-style":"default","site-sidebar-style":"default","ast-global-header-display":"","ast-banner-title-visibility":"","ast-main-header-display":"","ast-hfb-above-header-display":"","ast-hfb-below-header-display":"","ast-hfb-mobile-header-display":"","site-post-title":"disabled","ast-breadcrumbs-content":"","ast-featured-img":"","footer-sml-layout":"","theme-transparent-header-meta":"","adv-header-id-meta":"","stick-header-meta":"","header-above-stick-meta":"","header-main-stick-meta":"","header-below-stick-meta":"","astra-migrate-meta-layouts":"default","ast-page-background-enabled":"default","ast-page-background-meta":{"desktop":{"background-color":"var(--ast-global-color-4)","background-image":"","background-repeat":"repeat","background-position":"center center","background-size":"auto","background-attachment":"scroll","background-type":"","background-media":"","overlay-type":"","overlay-color":"","overlay-opacity":"","overlay-gradient":""},"tablet":{"background-color":"","background-image":"","background-repeat":"repeat","background-position":"center center","background-size":"auto","background-attachment":"scroll","background-type":"","background-media":"","overlay-type":"","overlay-color":"","overlay-opacity":"","overlay-gradient":""},"mobile":{"background-color":"","background-image":"","background-repeat":"repeat","background-position":"center center","background-size":"auto","background-attachment":"scroll","background-type":"","background-media":"","overlay-type":"","overlay-color":"","overlay-opacity":"","overlay-gradient":""}},"ast-content-background-meta":{"desktop":{"background-color":"var(--ast-global-color-5)","background-image":"","background-repeat":"repeat","background-position":"center center","background-size":"auto","background-attachment":"scroll","background-type":"","background-media":"","overlay-type":"","overlay-color":"","overlay-opacity":"","overlay-gradient":""},"tablet":{"background-color":"var(--ast-global-color-5)","background-image":"","background-repeat":"repeat","background-position":"center center","background-size":"auto","background-attachment":"scroll","background-type":"","background-media":"","overlay-type":"","overlay-color":"","overlay-opacity":"","overlay-gradient":""},"mobile":{"background-color":"var(--ast-global-color-5)","background-image":"","background-repeat":"repeat","background-position":"center center","background-size":"auto","background-attachment":"scroll","background-type":"","background-media":"","overlay-type":"","overlay-color":"","overlay-opacity":"","overlay-gradient":""}},"footnotes":""},"class_list":["post-220","page","type-page","status-publish","hentry"],"yoast_head":"<!-- This site is optimized with the Yoast SEO plugin v27.5 - https:\/\/yoast.com\/product\/yoast-seo-wordpress\/ -->\n<title>Contactez-nous - SEIA automatismes<\/title>\n<meta name=\"robots\" content=\"index, follow, max-snippet:-1, max-image-preview:large, max-video-preview:-1\" \/>\n<link rel=\"canonical\" href=\"https:\/\/www.seia-automatismes.fr\/index.php\/contactez-nous\/\" \/>\n<meta property=\"og:locale\" content=\"fr_FR\" \/>\n<meta property=\"og:type\" content=\"article\" \/>\n<meta property=\"og:title\" content=\"Contactez-nous - SEIA automatismes\" \/>\n<meta property=\"og:description\" content=\"Pour nous joindre : Du lundi au vendredi (hors cong\u00e9s et jours f\u00e9ri\u00e9s)de 8h30 \u00e0 12h00 et de 13h30 \u00e0 [&hellip;]\" \/>\n<meta property=\"og:url\" content=\"https:\/\/www.seia-automatismes.fr\/index.php\/contactez-nous\/\" \/>\n<meta property=\"og:site_name\" content=\"SEIA automatismes\" \/>\n<meta property=\"article:modified_time\" content=\"2024-05-13T11:32:53+00:00\" \/>\n<meta name=\"twitter:card\" content=\"summary_large_image\" \/>\n<script type=\"application\/ld+json\" class=\"yoast-schema-graph\">{\"@context\":\"https:\\\/\\\/schema.org\",\"@graph\":[{\"@type\":\"WebPage\",\"@id\":\"https:\\\/\\\/www.seia-automatismes.fr\\\/index.php\\\/contactez-nous\\\/\",\"url\":\"https:\\\/\\\/www.seia-automatismes.fr\\\/index.php\\\/contactez-nous\\\/\",\"name\":\"Contactez-nous - SEIA automatismes\",\"isPartOf\":{\"@id\":\"https:\\\/\\\/www.seia-automatismes.fr\\\/#website\"},\"datePublished\":\"2024-04-22T13:51:55+00:00\",\"dateModified\":\"2024-05-13T11:32:53+00:00\",\"breadcrumb\":{\"@id\":\"https:\\\/\\\/www.seia-automatismes.fr\\\/index.php\\\/contactez-nous\\\/#breadcrumb\"},\"inLanguage\":\"fr-FR\",\"potentialAction\":[{\"@type\":\"ReadAction\",\"target\":[\"https:\\\/\\\/www.seia-automatismes.fr\\\/index.php\\\/contactez-nous\\\/\"]}]},{\"@type\":\"BreadcrumbList\",\"@id\":\"https:\\\/\\\/www.seia-automatismes.fr\\\/index.php\\\/contactez-nous\\\/#breadcrumb\",\"itemListElement\":[{\"@type\":\"ListItem\",\"position\":1,\"name\":\"Accueil\",\"item\":\"https:\\\/\\\/www.seia-automatismes.fr\\\/\"},{\"@type\":\"ListItem\",\"position\":2,\"name\":\"Contactez-nous\"}]},{\"@type\":\"WebSite\",\"@id\":\"https:\\\/\\\/www.seia-automatismes.fr\\\/#website\",\"url\":\"https:\\\/\\\/www.seia-automatismes.fr\\\/\",\"name\":\"SEIA automatismes\",\"description\":\"Automatismes et \u00e9lectronique\",\"publisher\":{\"@id\":\"https:\\\/\\\/www.seia-automatismes.fr\\\/#organization\"},\"potentialAction\":[{\"@type\":\"SearchAction\",\"target\":{\"@type\":\"EntryPoint\",\"urlTemplate\":\"https:\\\/\\\/www.seia-automatismes.fr\\\/?s={search_term_string}\"},\"query-input\":{\"@type\":\"PropertyValueSpecification\",\"valueRequired\":true,\"valueName\":\"search_term_string\"}}],\"inLanguage\":\"fr-FR\"},{\"@type\":\"Organization\",\"@id\":\"https:\\\/\\\/www.seia-automatismes.fr\\\/#organization\",\"name\":\"SEIA automatismes\",\"url\":\"https:\\\/\\\/www.seia-automatismes.fr\\\/\",\"logo\":{\"@type\":\"ImageObject\",\"inLanguage\":\"fr-FR\",\"@id\":\"https:\\\/\\\/www.seia-automatismes.fr\\\/#\\\/schema\\\/logo\\\/image\\\/\",\"url\":\"https:\\\/\\\/www.seia-automatismes.fr\\\/wp-content\\\/uploads\\\/2024\\\/04\\\/cropped-Seia-Logo-e1713180606292.png\",\"contentUrl\":\"https:\\\/\\\/www.seia-automatismes.fr\\\/wp-content\\\/uploads\\\/2024\\\/04\\\/cropped-Seia-Logo-e1713180606292.png\",\"width\":381,\"height\":127,\"caption\":\"SEIA automatismes\"},\"image\":{\"@id\":\"https:\\\/\\\/www.seia-automatismes.fr\\\/#\\\/schema\\\/logo\\\/image\\\/\"},\"sameAs\":[\"https:\\\/\\\/www.linkedin.com\\\/company\\\/seia-automatismes\\\/\"]}]}<\/script>\n<!-- \/ Yoast SEO plugin. -->","yoast_head_json":{"title":"Contactez-nous - SEIA automatismes","robots":{"index":"index","follow":"follow","max-snippet":"max-snippet:-1","max-image-preview":"max-image-preview:large","max-video-preview":"max-video-preview:-1"},"canonical":"https:\/\/www.seia-automatismes.fr\/index.php\/contactez-nous\/","og_locale":"fr_FR","og_type":"article","og_title":"Contactez-nous - SEIA automatismes","og_description":"Pour nous joindre : Du lundi au vendredi (hors cong\u00e9s et jours f\u00e9ri\u00e9s)de 8h30 \u00e0 12h00 et de 13h30 \u00e0 [&hellip;]","og_url":"https:\/\/www.seia-automatismes.fr\/index.php\/contactez-nous\/","og_site_name":"SEIA automatismes","article_modified_time":"2024-05-13T11:32:53+00:00","twitter_card":"summary_large_image","schema":{"@context":"https:\/\/schema.org","@graph":[{"@type":"WebPage","@id":"https:\/\/www.seia-automatismes.fr\/index.php\/contactez-nous\/","url":"https:\/\/www.seia-automatismes.fr\/index.php\/contactez-nous\/","name":"Contactez-nous - SEIA automatismes","isPartOf":{"@id":"https:\/\/www.seia-automatismes.fr\/#website"},"datePublished":"2024-04-22T13:51:55+00:00","dateModified":"2024-05-13T11:32:53+00:00","breadcrumb":{"@id":"https:\/\/www.seia-automatismes.fr\/index.php\/contactez-nous\/#breadcrumb"},"inLanguage":"fr-FR","potentialAction":[{"@type":"ReadAction","target":["https:\/\/www.seia-automatismes.fr\/index.php\/contactez-nous\/"]}]},{"@type":"BreadcrumbList","@id":"https:\/\/www.seia-automatismes.fr\/index.php\/contactez-nous\/#breadcrumb","itemListElement":[{"@type":"ListItem","position":1,"name":"Accueil","item":"https:\/\/www.seia-automatismes.fr\/"},{"@type":"ListItem","position":2,"name":"Contactez-nous"}]},{"@type":"WebSite","@id":"https:\/\/www.seia-automatismes.fr\/#website","url":"https:\/\/www.seia-automatismes.fr\/","name":"SEIA automatismes","description":"Automatismes et \u00e9lectronique","publisher":{"@id":"https:\/\/www.seia-automatismes.fr\/#organization"},"potentialAction":[{"@type":"SearchAction","target":{"@type":"EntryPoint","urlTemplate":"https:\/\/www.seia-automatismes.fr\/?s={search_term_string}"},"query-input":{"@type":"PropertyValueSpecification","valueRequired":true,"valueName":"search_term_string"}}],"inLanguage":"fr-FR"},{"@type":"Organization","@id":"https:\/\/www.seia-automatismes.fr\/#organization","name":"SEIA automatismes","url":"https:\/\/www.seia-automatismes.fr\/","logo":{"@type":"ImageObject","inLanguage":"fr-FR","@id":"https:\/\/www.seia-automatismes.fr\/#\/schema\/logo\/image\/","url":"https:\/\/www.seia-automatismes.fr\/wp-content\/uploads\/2024\/04\/cropped-Seia-Logo-e1713180606292.png","contentUrl":"https:\/\/www.seia-automatismes.fr\/wp-content\/uploads\/2024\/04\/cropped-Seia-Logo-e1713180606292.png","width":381,"height":127,"caption":"SEIA automatismes"},"image":{"@id":"https:\/\/www.seia-automatismes.fr\/#\/schema\/logo\/image\/"},"sameAs":["https:\/\/www.linkedin.com\/company\/seia-automatismes\/"]}]}},"jetpack_sharing_enabled":true,"_links":{"self":[{"href":"https:\/\/www.seia-automatismes.fr\/index.php\/wp-json\/wp\/v2\/pages\/220","targetHints":{"allow":["GET"]}}],"collection":[{"href":"https:\/\/www.seia-automatismes.fr\/index.php\/wp-json\/wp\/v2\/pages"}],"about":[{"href":"https:\/\/www.seia-automatismes.fr\/index.php\/wp-json\/wp\/v2\/types\/page"}],"author":[{"embeddable":true,"href":"https:\/\/www.seia-automatismes.fr\/index.php\/wp-json\/wp\/v2\/users\/1"}],"replies":[{"embeddable":true,"href":"https:\/\/www.seia-automatismes.fr\/index.php\/wp-json\/wp\/v2\/comments?post=220"}],"version-history":[{"count":10,"href":"https:\/\/www.seia-automatismes.fr\/index.php\/wp-json\/wp\/v2\/pages\/220\/revisions"}],"predecessor-version":[{"id":361,"href":"https:\/\/www.seia-automatismes.fr\/index.php\/wp-json\/wp\/v2\/pages\/220\/revisions\/361"}],"wp:attachment":[{"href":"https:\/\/www.seia-automatismes.fr\/index.php\/wp-json\/wp\/v2\/media?parent=220"}],"curies":[{"name":"wp","href":"https:\/\/api.w.org\/{rel}","templated":true}]}}