{"id":212,"date":"2024-04-23T10:58:42","date_gmt":"2024-04-23T08:58:42","guid":{"rendered":"https:\/\/www.seia-automatismes.fr\/?page_id=212"},"modified":"2024-06-02T17:08:43","modified_gmt":"2024-06-02T15:08:43","slug":"notre-expertise","status":"publish","type":"page","link":"https:\/\/www.seia-automatismes.fr\/index.php\/notre-expertise\/","title":{"rendered":"Notre expertise"},"content":{"rendered":"\n<h2 class=\"wp-block-heading\">Notre expertise<\/h2>\n\n\n\n<h3 class=\"wp-block-heading\">Solutions pour les syst\u00e8mes embarqu\u00e9s<\/h3>\n\n\n\n<p>Nous concevons et fabriquons des solutions \u00e9prouv\u00e9es et inspir\u00e9es des technologies d\u2019actualit\u00e9 pour les <strong>syst\u00e8mes embarqu\u00e9s<\/strong>, adapt\u00e9es aux <strong>environnements s\u00e9v\u00e8res<\/strong>. Notre expertise dans ce domaine nous permet de fournir des <strong>solutions sur mesure<\/strong> qui r\u00e9pondent aux <strong>besoins sp\u00e9cifiques<\/strong> de chaque projet.<\/p>\n\n\n\n<p>Nos experts sont <strong>\u00e0 votre service<\/strong> pour vous accompagner dans la conduite de <strong>votre projet<\/strong> de <strong><a href=\"https:\/\/www.seia-automatismes.fr\/index.php\/electronique\/\">carte \u00e9lectronique<\/a><\/strong> ou d\u2019<strong><a data-type=\"page\" data-id=\"268\" href=\"https:\/\/www.seia-automatismes.fr\/index.php\/automatisme\/\">automatisme<\/a><\/strong>.<\/p>\n\n\n\n<div class=\"wp-block-group is-nowrap is-layout-flex wp-container-core-group-is-layout-6c531013 wp-block-group-is-layout-flex\">\n<figure class=\"wp-block-image size-large is-resized\"><img loading=\"lazy\" decoding=\"async\" width=\"772\" height=\"1024\" src=\"https:\/\/www.seia-automatismes.fr\/wp-content\/uploads\/2024\/04\/RepriseAMain-772x1024.png\" alt=\"\" class=\"wp-image-312\" style=\"object-fit:cover;width:196px;height:320px\" srcset=\"https:\/\/www.seia-automatismes.fr\/wp-content\/uploads\/2024\/04\/RepriseAMain-772x1024.png 772w, https:\/\/www.seia-automatismes.fr\/wp-content\/uploads\/2024\/04\/RepriseAMain-226x300.png 226w, https:\/\/www.seia-automatismes.fr\/wp-content\/uploads\/2024\/04\/RepriseAMain-768x1019.png 768w, https:\/\/www.seia-automatismes.fr\/wp-content\/uploads\/2024\/04\/RepriseAMain.png 800w\" sizes=\"auto, (max-width: 772px) 100vw, 772px\" \/><\/figure>\n\n\n\n<figure class=\"wp-block-image size-full is-resized\"><img loading=\"lazy\" decoding=\"async\" width=\"600\" height=\"656\" src=\"https:\/\/www.seia-automatismes.fr\/wp-content\/uploads\/2024\/04\/IMG_6428-CroppedRizesed.png\" alt=\"\" class=\"wp-image-314\" style=\"width:auto;height:320px\" srcset=\"https:\/\/www.seia-automatismes.fr\/wp-content\/uploads\/2024\/04\/IMG_6428-CroppedRizesed.png 600w, https:\/\/www.seia-automatismes.fr\/wp-content\/uploads\/2024\/04\/IMG_6428-CroppedRizesed-274x300.png 274w\" sizes=\"auto, (max-width: 600px) 100vw, 600px\" \/><\/figure>\n\n\n\n<figure class=\"wp-block-image size-full is-resized\"><img loading=\"lazy\" decoding=\"async\" width=\"509\" height=\"1016\" src=\"https:\/\/www.seia-automatismes.fr\/wp-content\/uploads\/2024\/04\/CablageArmoire.png\" alt=\"\" class=\"wp-image-311\" style=\"object-fit:cover;width:135px;height:320px\" srcset=\"https:\/\/www.seia-automatismes.fr\/wp-content\/uploads\/2024\/04\/CablageArmoire.png 509w, https:\/\/www.seia-automatismes.fr\/wp-content\/uploads\/2024\/04\/CablageArmoire-150x300.png 150w\" sizes=\"auto, (max-width: 509px) 100vw, 509px\" \/><\/figure>\n\n\n\n<figure class=\"wp-block-image size-large is-resized\"><img loading=\"lazy\" decoding=\"async\" width=\"768\" height=\"1024\" src=\"https:\/\/www.seia-automatismes.fr\/wp-content\/uploads\/2024\/04\/ArmoireAutomVariateur-768x1024.png\" alt=\"\" class=\"wp-image-315\" style=\"width:auto;height:320px\" srcset=\"https:\/\/www.seia-automatismes.fr\/wp-content\/uploads\/2024\/04\/ArmoireAutomVariateur-768x1024.png 768w, https:\/\/www.seia-automatismes.fr\/wp-content\/uploads\/2024\/04\/ArmoireAutomVariateur-225x300.png 225w, https:\/\/www.seia-automatismes.fr\/wp-content\/uploads\/2024\/04\/ArmoireAutomVariateur.png 1151w\" sizes=\"auto, (max-width: 768px) 100vw, 768px\" \/><\/figure>\n<\/div>\n\n\n\n<h3 class=\"wp-block-heading\">R\u00e9pondre aux besoins de nos clients<\/h3>\n\n\n\n<p>La satisfaction de nos clients est notre priorit\u00e9 absolue. Nous travaillons en \u00e9troite collaboration avec chaque client pour comprendre ses<a href=\"https:\/\/www.seia-automatismes.fr\/index.php\/services-et-solutions\/\" data-type=\"page\" data-id=\"218\"> <strong>besoins sp\u00e9cifiques<\/strong><\/a><strong> <\/strong>et lui offrir des <strong><a href=\"https:\/\/www.seia-automatismes.fr\/index.php\/services-et-solutions\/\" data-type=\"page\" data-id=\"218\">solutions personnalis\u00e9es<\/a><\/strong> dans le <strong><a href=\"https:\/\/www.seia-automatismes.fr\/index.php\/services-et-solutions\/\" data-type=\"page\" data-id=\"218\">respect de ses contraintes<\/a>.<\/strong><\/p>\n\n\n\n<h3 class=\"wp-block-heading\">Fiabilit\u00e9 de nos produits<\/h3>\n\n\n\n<p>Nous sommes fiers de la<strong> fiabilit\u00e9 de nos produits<\/strong>, con\u00e7us pour fonctionner de mani\u00e8re optimale, m\u00eame dans les conditions les plus difficiles. Chaque produit est soumis \u00e0 des <strong>tests rigoureux<\/strong> pour garantir sa <strong>durabilit\u00e9 <\/strong>et ses <strong>performances<\/strong>.<\/p>\n\n\n\n<div class=\"wp-block-group is-nowrap is-layout-flex wp-container-core-group-is-layout-6c531013 wp-block-group-is-layout-flex\">\n<figure class=\"wp-block-image size-full is-resized\"><img loading=\"lazy\" decoding=\"async\" width=\"680\" height=\"628\" src=\"https:\/\/www.seia-automatismes.fr\/wp-content\/uploads\/2024\/04\/Afaq_9001.png\" alt=\"\" class=\"wp-image-305\" style=\"width:131px;height:auto\" srcset=\"https:\/\/www.seia-automatismes.fr\/wp-content\/uploads\/2024\/04\/Afaq_9001.png 680w, https:\/\/www.seia-automatismes.fr\/wp-content\/uploads\/2024\/04\/Afaq_9001-300x277.png 300w\" sizes=\"auto, (max-width: 680px) 100vw, 680px\" \/><\/figure>\n\n\n\n<div class=\"wp-block-group is-vertical is-layout-flex wp-container-core-group-is-layout-fe9cc265 wp-block-group-is-layout-flex\">\n<h3 class=\"wp-block-heading\">Certification ISO&nbsp;9001<\/h3>\n\n\n\n<p>Notre syst\u00e8me de <strong>contr\u00f4le qualit\u00e9<\/strong> certifi\u00e9<strong> ISO&nbsp;9001<\/strong> est un gage de s\u00e9rieux et rigueur pour apporter \u00e0 nos clients l\u2019assurance de la conformit\u00e9 de nos op\u00e9rations depuis la phase d\u2019\u00e9tude jusqu\u2019\u00e0 la fabrication.<\/p>\n<\/div>\n<\/div>\n","protected":false},"excerpt":{"rendered":"<p>Notre expertise Solutions pour les syst\u00e8mes embarqu\u00e9s Nous concevons et fabriquons des solutions \u00e9prouv\u00e9es et inspir\u00e9es des technologies d\u2019actualit\u00e9 pour [&hellip;]<\/p>\n","protected":false},"author":1,"featured_media":0,"parent":0,"menu_order":0,"comment_status":"closed","ping_status":"closed","template":"","meta":{"site-sidebar-layout":"default","site-content-layout":"","ast-site-content-layout":"","site-content-style":"default","site-sidebar-style":"default","ast-global-header-display":"","ast-banner-title-visibility":"","ast-main-header-display":"","ast-hfb-above-header-display":"","ast-hfb-below-header-display":"","ast-hfb-mobile-header-display":"","site-post-title":"disabled","ast-breadcrumbs-content":"","ast-featured-img":"","footer-sml-layout":"","theme-transparent-header-meta":"","adv-header-id-meta":"","stick-header-meta":"","header-above-stick-meta":"","header-main-stick-meta":"","header-below-stick-meta":"","astra-migrate-meta-layouts":"default","ast-page-background-enabled":"default","ast-page-background-meta":{"desktop":{"background-color":"var(--ast-global-color-4)","background-image":"","background-repeat":"repeat","background-position":"center center","background-size":"auto","background-attachment":"scroll","background-type":"","background-media":"","overlay-type":"","overlay-color":"","overlay-opacity":"","overlay-gradient":""},"tablet":{"background-color":"","background-image":"","background-repeat":"repeat","background-position":"center center","background-size":"auto","background-attachment":"scroll","background-type":"","background-media":"","overlay-type":"","overlay-color":"","overlay-opacity":"","overlay-gradient":""},"mobile":{"background-color":"","background-image":"","background-repeat":"repeat","background-position":"center center","background-size":"auto","background-attachment":"scroll","background-type":"","background-media":"","overlay-type":"","overlay-color":"","overlay-opacity":"","overlay-gradient":""}},"ast-content-background-meta":{"desktop":{"background-color":"var(--ast-global-color-5)","background-image":"","background-repeat":"repeat","background-position":"center center","background-size":"auto","background-attachment":"scroll","background-type":"","background-media":"","overlay-type":"","overlay-color":"","overlay-opacity":"","overlay-gradient":""},"tablet":{"background-color":"var(--ast-global-color-5)","background-image":"","background-repeat":"repeat","background-position":"center center","background-size":"auto","background-attachment":"scroll","background-type":"","background-media":"","overlay-type":"","overlay-color":"","overlay-opacity":"","overlay-gradient":""},"mobile":{"background-color":"var(--ast-global-color-5)","background-image":"","background-repeat":"repeat","background-position":"center center","background-size":"auto","background-attachment":"scroll","background-type":"","background-media":"","overlay-type":"","overlay-color":"","overlay-opacity":"","overlay-gradient":""}},"footnotes":""},"class_list":["post-212","page","type-page","status-publish","hentry"],"yoast_head":"<!-- This site is optimized with the Yoast SEO plugin v27.5 - https:\/\/yoast.com\/product\/yoast-seo-wordpress\/ -->\n<title>Notre expertise - SEIA automatismes<\/title>\n<meta name=\"robots\" content=\"index, follow, max-snippet:-1, max-image-preview:large, max-video-preview:-1\" \/>\n<link rel=\"canonical\" href=\"https:\/\/www.seia-automatismes.fr\/index.php\/notre-expertise\/\" \/>\n<meta property=\"og:locale\" content=\"fr_FR\" \/>\n<meta property=\"og:type\" content=\"article\" \/>\n<meta property=\"og:title\" content=\"Notre expertise - SEIA automatismes\" \/>\n<meta property=\"og:description\" content=\"Notre expertise Solutions pour les syst\u00e8mes embarqu\u00e9s Nous concevons et fabriquons des solutions \u00e9prouv\u00e9es et inspir\u00e9es des technologies d\u2019actualit\u00e9 pour [&hellip;]\" \/>\n<meta property=\"og:url\" content=\"https:\/\/www.seia-automatismes.fr\/index.php\/notre-expertise\/\" \/>\n<meta property=\"og:site_name\" content=\"SEIA automatismes\" \/>\n<meta property=\"article:modified_time\" content=\"2024-06-02T15:08:43+00:00\" \/>\n<meta property=\"og:image\" content=\"https:\/\/www.seia-automatismes.fr\/wp-content\/uploads\/2024\/04\/RepriseAMain-772x1024.png\" \/>\n<meta name=\"twitter:card\" content=\"summary_large_image\" \/>\n<meta name=\"twitter:label1\" content=\"Dur\u00e9e de lecture estim\u00e9e\" \/>\n\t<meta name=\"twitter:data1\" content=\"2 minutes\" \/>\n<script type=\"application\/ld+json\" class=\"yoast-schema-graph\">{\"@context\":\"https:\\\/\\\/schema.org\",\"@graph\":[{\"@type\":\"WebPage\",\"@id\":\"https:\\\/\\\/www.seia-automatismes.fr\\\/index.php\\\/notre-expertise\\\/\",\"url\":\"https:\\\/\\\/www.seia-automatismes.fr\\\/index.php\\\/notre-expertise\\\/\",\"name\":\"Notre expertise - SEIA automatismes\",\"isPartOf\":{\"@id\":\"https:\\\/\\\/www.seia-automatismes.fr\\\/#website\"},\"primaryImageOfPage\":{\"@id\":\"https:\\\/\\\/www.seia-automatismes.fr\\\/index.php\\\/notre-expertise\\\/#primaryimage\"},\"image\":{\"@id\":\"https:\\\/\\\/www.seia-automatismes.fr\\\/index.php\\\/notre-expertise\\\/#primaryimage\"},\"thumbnailUrl\":\"https:\\\/\\\/www.seia-automatismes.fr\\\/wp-content\\\/uploads\\\/2024\\\/04\\\/RepriseAMain-772x1024.png\",\"datePublished\":\"2024-04-23T08:58:42+00:00\",\"dateModified\":\"2024-06-02T15:08:43+00:00\",\"breadcrumb\":{\"@id\":\"https:\\\/\\\/www.seia-automatismes.fr\\\/index.php\\\/notre-expertise\\\/#breadcrumb\"},\"inLanguage\":\"fr-FR\",\"potentialAction\":[{\"@type\":\"ReadAction\",\"target\":[\"https:\\\/\\\/www.seia-automatismes.fr\\\/index.php\\\/notre-expertise\\\/\"]}]},{\"@type\":\"ImageObject\",\"inLanguage\":\"fr-FR\",\"@id\":\"https:\\\/\\\/www.seia-automatismes.fr\\\/index.php\\\/notre-expertise\\\/#primaryimage\",\"url\":\"https:\\\/\\\/www.seia-automatismes.fr\\\/wp-content\\\/uploads\\\/2024\\\/04\\\/RepriseAMain.png\",\"contentUrl\":\"https:\\\/\\\/www.seia-automatismes.fr\\\/wp-content\\\/uploads\\\/2024\\\/04\\\/RepriseAMain.png\",\"width\":800,\"height\":1061},{\"@type\":\"BreadcrumbList\",\"@id\":\"https:\\\/\\\/www.seia-automatismes.fr\\\/index.php\\\/notre-expertise\\\/#breadcrumb\",\"itemListElement\":[{\"@type\":\"ListItem\",\"position\":1,\"name\":\"Accueil\",\"item\":\"https:\\\/\\\/www.seia-automatismes.fr\\\/\"},{\"@type\":\"ListItem\",\"position\":2,\"name\":\"Notre expertise\"}]},{\"@type\":\"WebSite\",\"@id\":\"https:\\\/\\\/www.seia-automatismes.fr\\\/#website\",\"url\":\"https:\\\/\\\/www.seia-automatismes.fr\\\/\",\"name\":\"SEIA automatismes\",\"description\":\"Automatismes et \u00e9lectronique\",\"publisher\":{\"@id\":\"https:\\\/\\\/www.seia-automatismes.fr\\\/#organization\"},\"potentialAction\":[{\"@type\":\"SearchAction\",\"target\":{\"@type\":\"EntryPoint\",\"urlTemplate\":\"https:\\\/\\\/www.seia-automatismes.fr\\\/?s={search_term_string}\"},\"query-input\":{\"@type\":\"PropertyValueSpecification\",\"valueRequired\":true,\"valueName\":\"search_term_string\"}}],\"inLanguage\":\"fr-FR\"},{\"@type\":\"Organization\",\"@id\":\"https:\\\/\\\/www.seia-automatismes.fr\\\/#organization\",\"name\":\"SEIA automatismes\",\"url\":\"https:\\\/\\\/www.seia-automatismes.fr\\\/\",\"logo\":{\"@type\":\"ImageObject\",\"inLanguage\":\"fr-FR\",\"@id\":\"https:\\\/\\\/www.seia-automatismes.fr\\\/#\\\/schema\\\/logo\\\/image\\\/\",\"url\":\"https:\\\/\\\/www.seia-automatismes.fr\\\/wp-content\\\/uploads\\\/2024\\\/04\\\/cropped-Seia-Logo-e1713180606292.png\",\"contentUrl\":\"https:\\\/\\\/www.seia-automatismes.fr\\\/wp-content\\\/uploads\\\/2024\\\/04\\\/cropped-Seia-Logo-e1713180606292.png\",\"width\":381,\"height\":127,\"caption\":\"SEIA automatismes\"},\"image\":{\"@id\":\"https:\\\/\\\/www.seia-automatismes.fr\\\/#\\\/schema\\\/logo\\\/image\\\/\"},\"sameAs\":[\"https:\\\/\\\/www.linkedin.com\\\/company\\\/seia-automatismes\\\/\"]}]}<\/script>\n<!-- \/ Yoast SEO plugin. -->","yoast_head_json":{"title":"Notre expertise - SEIA automatismes","robots":{"index":"index","follow":"follow","max-snippet":"max-snippet:-1","max-image-preview":"max-image-preview:large","max-video-preview":"max-video-preview:-1"},"canonical":"https:\/\/www.seia-automatismes.fr\/index.php\/notre-expertise\/","og_locale":"fr_FR","og_type":"article","og_title":"Notre expertise - SEIA automatismes","og_description":"Notre expertise Solutions pour les syst\u00e8mes embarqu\u00e9s Nous concevons et fabriquons des solutions \u00e9prouv\u00e9es et inspir\u00e9es des technologies d\u2019actualit\u00e9 pour [&hellip;]","og_url":"https:\/\/www.seia-automatismes.fr\/index.php\/notre-expertise\/","og_site_name":"SEIA automatismes","article_modified_time":"2024-06-02T15:08:43+00:00","og_image":[{"url":"https:\/\/www.seia-automatismes.fr\/wp-content\/uploads\/2024\/04\/RepriseAMain-772x1024.png","type":"","width":"","height":""}],"twitter_card":"summary_large_image","twitter_misc":{"Dur\u00e9e de lecture estim\u00e9e":"2 minutes"},"schema":{"@context":"https:\/\/schema.org","@graph":[{"@type":"WebPage","@id":"https:\/\/www.seia-automatismes.fr\/index.php\/notre-expertise\/","url":"https:\/\/www.seia-automatismes.fr\/index.php\/notre-expertise\/","name":"Notre expertise - SEIA automatismes","isPartOf":{"@id":"https:\/\/www.seia-automatismes.fr\/#website"},"primaryImageOfPage":{"@id":"https:\/\/www.seia-automatismes.fr\/index.php\/notre-expertise\/#primaryimage"},"image":{"@id":"https:\/\/www.seia-automatismes.fr\/index.php\/notre-expertise\/#primaryimage"},"thumbnailUrl":"https:\/\/www.seia-automatismes.fr\/wp-content\/uploads\/2024\/04\/RepriseAMain-772x1024.png","datePublished":"2024-04-23T08:58:42+00:00","dateModified":"2024-06-02T15:08:43+00:00","breadcrumb":{"@id":"https:\/\/www.seia-automatismes.fr\/index.php\/notre-expertise\/#breadcrumb"},"inLanguage":"fr-FR","potentialAction":[{"@type":"ReadAction","target":["https:\/\/www.seia-automatismes.fr\/index.php\/notre-expertise\/"]}]},{"@type":"ImageObject","inLanguage":"fr-FR","@id":"https:\/\/www.seia-automatismes.fr\/index.php\/notre-expertise\/#primaryimage","url":"https:\/\/www.seia-automatismes.fr\/wp-content\/uploads\/2024\/04\/RepriseAMain.png","contentUrl":"https:\/\/www.seia-automatismes.fr\/wp-content\/uploads\/2024\/04\/RepriseAMain.png","width":800,"height":1061},{"@type":"BreadcrumbList","@id":"https:\/\/www.seia-automatismes.fr\/index.php\/notre-expertise\/#breadcrumb","itemListElement":[{"@type":"ListItem","position":1,"name":"Accueil","item":"https:\/\/www.seia-automatismes.fr\/"},{"@type":"ListItem","position":2,"name":"Notre expertise"}]},{"@type":"WebSite","@id":"https:\/\/www.seia-automatismes.fr\/#website","url":"https:\/\/www.seia-automatismes.fr\/","name":"SEIA automatismes","description":"Automatismes et \u00e9lectronique","publisher":{"@id":"https:\/\/www.seia-automatismes.fr\/#organization"},"potentialAction":[{"@type":"SearchAction","target":{"@type":"EntryPoint","urlTemplate":"https:\/\/www.seia-automatismes.fr\/?s={search_term_string}"},"query-input":{"@type":"PropertyValueSpecification","valueRequired":true,"valueName":"search_term_string"}}],"inLanguage":"fr-FR"},{"@type":"Organization","@id":"https:\/\/www.seia-automatismes.fr\/#organization","name":"SEIA automatismes","url":"https:\/\/www.seia-automatismes.fr\/","logo":{"@type":"ImageObject","inLanguage":"fr-FR","@id":"https:\/\/www.seia-automatismes.fr\/#\/schema\/logo\/image\/","url":"https:\/\/www.seia-automatismes.fr\/wp-content\/uploads\/2024\/04\/cropped-Seia-Logo-e1713180606292.png","contentUrl":"https:\/\/www.seia-automatismes.fr\/wp-content\/uploads\/2024\/04\/cropped-Seia-Logo-e1713180606292.png","width":381,"height":127,"caption":"SEIA automatismes"},"image":{"@id":"https:\/\/www.seia-automatismes.fr\/#\/schema\/logo\/image\/"},"sameAs":["https:\/\/www.linkedin.com\/company\/seia-automatismes\/"]}]}},"jetpack_sharing_enabled":true,"_links":{"self":[{"href":"https:\/\/www.seia-automatismes.fr\/index.php\/wp-json\/wp\/v2\/pages\/212","targetHints":{"allow":["GET"]}}],"collection":[{"href":"https:\/\/www.seia-automatismes.fr\/index.php\/wp-json\/wp\/v2\/pages"}],"about":[{"href":"https:\/\/www.seia-automatismes.fr\/index.php\/wp-json\/wp\/v2\/types\/page"}],"author":[{"embeddable":true,"href":"https:\/\/www.seia-automatismes.fr\/index.php\/wp-json\/wp\/v2\/users\/1"}],"replies":[{"embeddable":true,"href":"https:\/\/www.seia-automatismes.fr\/index.php\/wp-json\/wp\/v2\/comments?post=212"}],"version-history":[{"count":8,"href":"https:\/\/www.seia-automatismes.fr\/index.php\/wp-json\/wp\/v2\/pages\/212\/revisions"}],"predecessor-version":[{"id":374,"href":"https:\/\/www.seia-automatismes.fr\/index.php\/wp-json\/wp\/v2\/pages\/212\/revisions\/374"}],"wp:attachment":[{"href":"https:\/\/www.seia-automatismes.fr\/index.php\/wp-json\/wp\/v2\/media?parent=212"}],"curies":[{"name":"wp","href":"https:\/\/api.w.org\/{rel}","templated":true}]}}